{"id":1332,"date":"2013-07-25T02:41:28","date_gmt":"2013-07-24T23:41:28","guid":{"rendered":"http:\/\/senkronfilm.com\/yeni\/?page_id=1332"},"modified":"2025-11-02T10:30:15","modified_gmt":"2025-11-02T07:30:15","slug":"seslendirme","status":"publish","type":"page","link":"https:\/\/www.senkronfilm.com\/?page_id=1332","title":{"rendered":"SESLEND\u0130RME"},"content":{"rendered":"<p><strong>SENKRON F\u0130LM,<\/strong><br \/><strong>T\u00dcM \u00dcNL\u00dc VE \u00dcNS\u00dcZ SESLEND\u0130RMEC\u0130LER \u0130LE \u00c7ALI\u015eMAKTADIR.<br \/><\/strong><strong>AYRICA, T\u00dcM YABANCI D\u0130LLERDE \u00c7EV\u0130R\u0130, M\u0130KSAJ VE SESLEND\u0130RME H\u0130ZMETLER\u0130 VERMEKTED\u0130R.<br \/>HD V\u0130ZYON SESLEND\u0130RME ST\u00dcDYOLARI, \u00dcTOPYA ST\u00dcDYOLARI, RECORD ST\u00dcDYOLARI, AVANTGARDE G\u0130B\u0130 PROFESYONEL SESLEND\u0130RME ST\u00dcDYOLARIYLA \u00c7ALI\u015eMAKTADIR.<\/strong><\/p>\n\n\n<figure class=\"wp-block-image size-large is-style-default\"><img loading=\"lazy\" decoding=\"async\" width=\"1024\" height=\"512\" src=\"https:\/\/www.senkronfilm.com\/wp-content\/uploads\/HD-VIZYON_DUBLAJ1-1024x512.jpg\" alt=\"\" class=\"wp-image-3827\" srcset=\"https:\/\/www.senkronfilm.com\/wp-content\/uploads\/HD-VIZYON_DUBLAJ1-1024x512.jpg 1024w, https:\/\/www.senkronfilm.com\/wp-content\/uploads\/HD-VIZYON_DUBLAJ1-300x150.jpg 300w, https:\/\/www.senkronfilm.com\/wp-content\/uploads\/HD-VIZYON_DUBLAJ1-768x384.jpg 768w, https:\/\/www.senkronfilm.com\/wp-content\/uploads\/HD-VIZYON_DUBLAJ1-1536x768.jpg 1536w, https:\/\/www.senkronfilm.com\/wp-content\/uploads\/HD-VIZYON_DUBLAJ1-2048x1024.jpg 2048w\" sizes=\"auto, (max-width: 1024px) 100vw, 1024px\" \/><\/figure>\n","protected":false},"excerpt":{"rendered":"<p>SENKRON F\u0130LM,T\u00dcM \u00dcNL\u00dc VE \u00dcNS\u00dcZ SESLEND\u0130RMEC\u0130LER \u0130LE \u00c7ALI\u015eMAKTADIR.AYRICA, T\u00dcM YABANCI D\u0130LLERDE \u00c7EV\u0130R\u0130, M\u0130KSAJ VE SESLEND\u0130RME H\u0130ZMETLER\u0130 VERMEKTED\u0130R.HD V\u0130ZYON SESLEND\u0130RME ST\u00dcDYOLARI, \u00dcTOPYA ST\u00dcDYOLARI, RECORD ST\u00dcDYOLARI, AVANTGARDE G\u0130B\u0130 PROFESYONEL SESLEND\u0130RME ST\u00dcDYOLARIYLA \u00c7ALI\u015eMAKTADIR.<\/p>\n","protected":false},"author":1,"featured_media":0,"parent":0,"menu_order":0,"comment_status":"closed","ping_status":"closed","template":"","meta":{"footnotes":""},"class_list":["post-1332","page","type-page","status-publish","hentry"],"_links":{"self":[{"href":"https:\/\/www.senkronfilm.com\/index.php?rest_route=\/wp\/v2\/pages\/1332","targetHints":{"allow":["GET"]}}],"collection":[{"href":"https:\/\/www.senkronfilm.com\/index.php?rest_route=\/wp\/v2\/pages"}],"about":[{"href":"https:\/\/www.senkronfilm.com\/index.php?rest_route=\/wp\/v2\/types\/page"}],"author":[{"embeddable":true,"href":"https:\/\/www.senkronfilm.com\/index.php?rest_route=\/wp\/v2\/users\/1"}],"replies":[{"embeddable":true,"href":"https:\/\/www.senkronfilm.com\/index.php?rest_route=%2Fwp%2Fv2%2Fcomments&post=1332"}],"version-history":[{"count":16,"href":"https:\/\/www.senkronfilm.com\/index.php?rest_route=\/wp\/v2\/pages\/1332\/revisions"}],"predecessor-version":[{"id":4404,"href":"https:\/\/www.senkronfilm.com\/index.php?rest_route=\/wp\/v2\/pages\/1332\/revisions\/4404"}],"wp:attachment":[{"href":"https:\/\/www.senkronfilm.com\/index.php?rest_route=%2Fwp%2Fv2%2Fmedia&parent=1332"}],"curies":[{"name":"wp","href":"https:\/\/api.w.org\/{rel}","templated":true}]}}