{"id":1165,"date":"2013-07-25T01:36:22","date_gmt":"2013-07-24T22:36:22","guid":{"rendered":"http:\/\/senkronfilm.com\/yeni\/?page_id=1165"},"modified":"2025-05-11T21:29:06","modified_gmt":"2025-05-11T18:29:06","slug":"hakkimizda","status":"publish","type":"page","link":"https:\/\/www.senkronfilm.com\/?page_id=1165","title":{"rendered":""},"content":{"rendered":"<h3><strong>Digital Senkron<\/strong><\/h3>\n<p class=\"ds-markdown-paragraph\">Founded in 2003, <strong>Senkron<\/strong>\u00a0specializes in high-quality television and media production. With decades of experience, we provide comprehensive production services, including:<\/p>\n<ul>\n<li>\n<p class=\"ds-markdown-paragraph\"><strong>TV Programs &amp; Commercials<\/strong><\/p>\n<\/li>\n<li>\n<p class=\"ds-markdown-paragraph\"><strong>Corporate &amp; Training Videos<\/strong><\/p>\n<\/li>\n<li>\n<p class=\"ds-markdown-paragraph\"><strong>Studio &amp; Large-Scale Shooting Sets<\/strong><\/p>\n<\/li>\n<li>\n<p class=\"ds-markdown-paragraph\"><strong>TV Series, Feature Films &amp; Documentaries<\/strong><\/p>\n<\/li>\n<li>\n<p class=\"ds-markdown-paragraph\"><strong>Production &amp; Technical Services<\/strong><\/p>\n<\/li>\n<li>\n<p class=\"ds-markdown-paragraph\"><strong>Music Production<\/strong><\/p>\n<\/li>\n<li>\n<p class=\"ds-markdown-paragraph\"><strong>Dubbing in All Languages<\/strong><\/p>\n<\/li>\n<li>\n<p class=\"ds-markdown-paragraph\"><strong>Media Planning &amp; Purchasing<\/strong><\/p>\n<\/li>\n<\/ul>\n<h3><strong>Why Choose Senkron?<\/strong><\/h3>\n<ul>\n<li>\n<p class=\"ds-markdown-paragraph\"><strong>Collaboration with Renowned Directors &amp; Artists<\/strong>\u00a0\u2013 We work with award-winning directors, talented voice actors, and musicians to deliver exceptional results.<\/p>\n<\/li>\n<li>\n<p class=\"ds-markdown-paragraph\"><strong>Competitive &amp; Flexible Budgeting<\/strong>\u00a0\u2013 Our pricing is tailored to each project, ensuring cost-effective solutions without compromising quality.<\/p>\n<\/li>\n<li>\n<p class=\"ds-markdown-paragraph\"><strong>Full-Service Production<\/strong>\u00a0\u2013 Our professional studios and 60-person crew, led by experienced directors, serve Turkey\u2019s leading industrial and service sector companies in advertising, corporate films, and TV programming.<\/p>\n<\/li>\n<\/ul>\n<h3><strong>Public Sector &amp; Institutional Projects<\/strong><\/h3>\n<p class=\"ds-markdown-paragraph\">We also produce content for\u00a0<strong>government and public institutions<\/strong>, including:<\/p>\n<ul>\n<li>\n<p class=\"ds-markdown-paragraph\"><strong>Public Service Announcements<\/strong>\u00a0for ministries<\/p>\n<\/li>\n<li>\n<p class=\"ds-markdown-paragraph\"><strong>Exporters\u2019 Union &amp; TOBB (Union of Chambers and Commodity Exchanges of Turkey) Films<\/strong><\/p>\n<\/li>\n<li>\n<p class=\"ds-markdown-paragraph\"><strong>Advertising, Promotional &amp; Documentary Films<\/strong>\u00a0for the\u00a0<em>Istanbul Melen Drinking Water Project<\/em>\u00a0(State Hydraulic Works)<\/p>\n<\/li>\n<li>\n<p class=\"ds-markdown-paragraph\"><strong>Technical Services<\/strong>\u00a0for TRT1 and TRT Belgesel (Documentary Channel)<\/p>\n<\/li>\n<li>\n<p class=\"ds-markdown-paragraph\"><strong>Award-Winning Documentaries<\/strong>:<\/p>\n<ul>\n<li>\n<p class=\"ds-markdown-paragraph\"><em>&#8220;Hak ve \u00d6zg\u00fcrl\u00fck-Tolerans&#8221;<\/em>\u00a0(Bulgarian Turks Documentary)<\/p>\n<\/li>\n<li>\n<p class=\"ds-markdown-paragraph\"><em>&#8220;Bir Asi Y\u00fcrek: Zeybek&#8221;<\/em>\u00a0(Aegean &amp; Greek Islands Zeybek Documentary)<\/p>\n<\/li>\n<li>\n<p class=\"ds-markdown-paragraph\"><em>&#8220;Perdede I\u015f\u0131k \u0130zi&#8221;<\/em>\u00a0(Documentary on Cinema)<\/p>\n<\/li>\n<li>\n<p class=\"ds-markdown-paragraph\"><em>&#8220;Zihni G\u00f6ktay: 60 Years in Theater&#8221;<\/em><\/p>\n<\/li>\n<li>\n<p class=\"ds-markdown-paragraph\"><em>&#8220;Kahraman Gemilerimiz&#8221;<\/em>\u00a0(Ministry of Culture R&amp;D Project)<\/p>\n<\/li>\n<li>\n<p class=\"ds-markdown-paragraph\"><strong>Technical Production for TRT1\u2019s Daily Series<\/strong>\u00a0<em>&#8220;T\u00fcrkan Han\u0131m\u2019\u0131n Kona\u011f\u0131&#8221;<\/em>\u00a0(2019-2021)<\/p>\n<\/li>\n<\/ul>\n<\/li>\n<\/ul>\n<h3><strong>Certified &amp; Trusted<\/strong><\/h3>\n<ul>\n<li>\n<p class=\"ds-markdown-paragraph\"><strong>Registered Trademark<\/strong><\/p>\n<\/li>\n<li>\n<p class=\"ds-markdown-paragraph\"><strong>Licensed by the Ministry of Culture<\/strong><\/p>\n<\/li>\n<li>\n<p class=\"ds-markdown-paragraph\"><strong>Cost-Effective Budgeting for Maximum ROI<\/strong><\/p>\n<\/li>\n<\/ul>\n<p class=\"ds-markdown-paragraph\">At\u00a0<strong>Senkron<\/strong>, every story has a happy ending.<\/p>\n<p class=\"ds-markdown-paragraph\"><strong>Digital Senkron<\/strong><\/p>\n","protected":false},"excerpt":{"rendered":"<p>Digital Senkron Founded in 2003, Senkron\u00a0specializes in high-quality television and media production. With decades of experience, we provide comprehensive production services, including: TV Programs &amp; Commercials Corporate &amp; Training Videos Studio &amp; Large-Scale Shooting Sets TV Series, Feature Films &amp; Documentaries Production &amp; Technical Services Music Production Dubbing in All Languages Media Planning &amp; Purchasing [&hellip;]<\/p>\n","protected":false},"author":1,"featured_media":0,"parent":0,"menu_order":0,"comment_status":"closed","ping_status":"closed","template":"","meta":{"footnotes":""},"class_list":["post-1165","page","type-page","status-publish","hentry"],"_links":{"self":[{"href":"https:\/\/www.senkronfilm.com\/index.php?rest_route=\/wp\/v2\/pages\/1165","targetHints":{"allow":["GET"]}}],"collection":[{"href":"https:\/\/www.senkronfilm.com\/index.php?rest_route=\/wp\/v2\/pages"}],"about":[{"href":"https:\/\/www.senkronfilm.com\/index.php?rest_route=\/wp\/v2\/types\/page"}],"author":[{"embeddable":true,"href":"https:\/\/www.senkronfilm.com\/index.php?rest_route=\/wp\/v2\/users\/1"}],"replies":[{"embeddable":true,"href":"https:\/\/www.senkronfilm.com\/index.php?rest_route=%2Fwp%2Fv2%2Fcomments&post=1165"}],"version-history":[{"count":38,"href":"https:\/\/www.senkronfilm.com\/index.php?rest_route=\/wp\/v2\/pages\/1165\/revisions"}],"predecessor-version":[{"id":4306,"href":"https:\/\/www.senkronfilm.com\/index.php?rest_route=\/wp\/v2\/pages\/1165\/revisions\/4306"}],"wp:attachment":[{"href":"https:\/\/www.senkronfilm.com\/index.php?rest_route=%2Fwp%2Fv2%2Fmedia&parent=1165"}],"curies":[{"name":"wp","href":"https:\/\/api.w.org\/{rel}","templated":true}]}}